{"id":2642,"date":"2020-10-31T00:52:45","date_gmt":"2020-10-31T04:52:45","guid":{"rendered":"https:\/\/www.boisfranc.com\/boisfranc-up\/?page_id=2642"},"modified":"2026-01-20T10:07:34","modified_gmt":"2026-01-20T15:07:34","slug":"rem","status":"publish","type":"page","link":"https:\/\/www.boisfranc.com\/en\/rem\/","title":{"rendered":"REM"},"content":{"rendered":"<p>[vc_row tablet_sm_visibility=&#8221;hide&#8221; mobile_visibility=&#8221;hide&#8221;][vc_column css=&#8221;.vc_custom_1604149443565{padding-right: 10% !important;padding-left: 10% !important;}&#8221;][vc_empty_space height=&#8221;60px&#8221;][vc_custom_heading text=&#8221;Helping people get where they\u2019re going&#8221; font_container=&#8221;tag:h2|text_align:center|color:%2398b443&#8243; use_theme_fonts=&#8221;yes&#8221;][vc_row_inner][vc_column_inner width=&#8221;1\/6&#8243;][\/vc_column_inner][vc_column_inner width=&#8221;2\/3&#8243;][vc_column_text css=&#8221;.vc_custom_1604147361319{padding-right: 200px !important;padding-left: 200px !important;}&#8221; el_class=&#8221;gras&#8221;]<\/p>\n<p class=\"title-top-page-l\">The new REM (R\u00e9seau express m\u00e9tropolitain) station will make it easier than ever for Bois-Franc residents to use public transit. The REM will be one of the largest automated transit networks in the world. It will have 27 stations spanning a 67 km double track, including a stop at Bois-Franc. Residents will be able to get downtown in minutes or take the REM to the Montreal International Airport and the South Shore.<\/p>\n<p>[\/vc_column_text][\/vc_column_inner][vc_column_inner width=&#8221;1\/6&#8243;][\/vc_column_inner][\/vc_row_inner][vc_empty_space height=&#8221;30px&#8221;][vc_column_text]<\/p>\n<p style=\"text-align: center;\"><a class=\"button-fleche-fond-blanc\" href=\"https:\/\/rem.info\/en\" target=\"_blank\" rel=\"noopener noreferrer\">Learn more about the REM network<\/a><\/p>\n<p>[\/vc_column_text][vc_empty_space height=&#8221;50px&#8221;][vc_row_inner css=&#8221;.vc_custom_1600366743587{margin-bottom: 75px !important;}&#8221;][vc_column_inner width=&#8221;1\/3&#8243;][vc_column_text css=&#8221;.vc_custom_1604504121284{padding-top: 25px !important;padding-right: 25px !important;padding-bottom: 25px !important;padding-left: 25px !important;background-color: #e7eade !important;}&#8221; el_class=&#8221;rem-bloc-green-page&#8221;]<\/p>\n<h3><span style=\"color: #98b443;\"><img loading=\"lazy\" class=\"alignnone wp-image-573\" src=\"http:\/\/www.boisfranc.com\/content\/uploads\/sites\/52\/2020\/09\/icone-stations.png\" alt=\"\" width=\"66\" height=\"66\" srcset=\"https:\/\/www.boisfranc.com\/content\/uploads\/sites\/52\/2020\/09\/icone-stations.png 144w, https:\/\/www.boisfranc.com\/content\/uploads\/sites\/52\/2020\/09\/icone-stations-100x100.png 100w\" sizes=\"(max-width: 66px) 100vw, 66px\" \/><\/span><\/h3>\n<h3><span style=\"color: #98b443;\">27 stations<\/span><br \/>\nspanning 67 km<\/h3>\n<p>[\/vc_column_text][\/vc_column_inner][vc_column_inner width=&#8221;1\/3&#8243;][vc_column_text css=&#8221;.vc_custom_1604504505952{padding-top: 25px !important;padding-right: 25px !important;padding-bottom: 25px !important;padding-left: 25px !important;background-color: #e7eade !important;}&#8221; el_class=&#8221;rem-bloc-green-page&#8221;]<\/p>\n<h3><span style=\"color: #98b443;\"><img loading=\"lazy\" class=\"alignnone wp-image-573\" src=\"http:\/\/www.boisfranc.com\/content\/uploads\/sites\/52\/2020\/10\/icone-aeroport.png\" alt=\"\" width=\"128\" height=\"66\" \/><\/span><\/h3>\n<h3><span style=\"color: #98b443;\">Linked to <\/span><br \/>\nthe metro and the airport<\/h3>\n<p>[\/vc_column_text][\/vc_column_inner][vc_column_inner width=&#8221;1\/3&#8243;][vc_column_text css=&#8221;.vc_custom_1604504498531{padding-top: 25px !important;padding-right: 25px !important;padding-bottom: 25px !important;padding-left: 25px !important;background-color: #e7eade !important;}&#8221; el_class=&#8221;rem-bloc-green-page&#8221;]<\/p>\n<h3><span style=\"color: #98b443;\"><img loading=\"lazy\" class=\"alignnone wp-image-573\" src=\"http:\/\/www.boisfranc.com\/content\/uploads\/sites\/52\/2020\/10\/icone-station-bois-franc.png\" alt=\"\" width=\"66\" height=\"66\" \/><\/span><\/h3>\n<h3><span style=\"color: #98b443;\">The Bois-Franc station <\/span><br \/>\nin the centre of the network<\/h3>\n<p>[\/vc_column_text][\/vc_column_inner][\/vc_row_inner][\/vc_column][\/vc_row][vc_row desktop_visibility=&#8221;hide&#8221; tablet_visibility=&#8221;hide&#8221; mobile_visibility=&#8221;hide&#8221;][vc_column el_class=&#8221;section-neighbour-en&#8221;][vc_empty_space height=&#8221;30px&#8221;][vc_custom_heading text=&#8221;Helping people get where they\u2019re going&#8221; font_container=&#8221;tag:h2|text_align:center|color:%2398b443&#8243; use_theme_fonts=&#8221;yes&#8221;][vc_column_text css=&#8221;.vc_custom_1604703559838{padding-right: 20px !important;padding-left: 20px !important;}&#8221; el_class=&#8221;gras&#8221;]<\/p>\n<p class=\"title-top-page-l\">The new REM (R\u00e9seau express m\u00e9tropolitain) station will make it easier than ever for Bois-Franc residents to use public transit. The REM will be one of the largest automated transit networks in the world. It will have 27 stations spanning a 67 km double track, including a stop at Bois-Franc. Residents will be able to get downtown in minutes or take the REM to the Montreal International Airport and the South Shore.<\/p>\n<p>[\/vc_column_text][vc_column_text]<\/p>\n<p style=\"text-align: center;\"><a class=\"button-fleche-fond-blanc\" href=\"https:\/\/rem.info\/en\" target=\"_blank\" rel=\"noopener noreferrer\">Learn more about the REM network<\/a><\/p>\n<p>[\/vc_column_text][vc_row_inner css=&#8221;.vc_custom_1600366743587{margin-bottom: 75px !important;}&#8221;][vc_column_inner][vc_column_text css=&#8221;.vc_custom_1604504213934{padding-top: 25px !important;padding-right: 25px !important;padding-bottom: 25px !important;padding-left: 25px !important;background-color: #e7eade !important;}&#8221; el_class=&#8221;rem-bloc-green-page-mobile&#8221;]<\/p>\n<h3><span style=\"color: #98b443;\"><img loading=\"lazy\" class=\"alignnone wp-image-573 aligncenter\" src=\"http:\/\/www.boisfranc.com\/content\/uploads\/sites\/52\/2020\/09\/icone-stations.png\" alt=\"\" width=\"66\" height=\"66\" srcset=\"https:\/\/www.boisfranc.com\/content\/uploads\/sites\/52\/2020\/09\/icone-stations.png 144w, https:\/\/www.boisfranc.com\/content\/uploads\/sites\/52\/2020\/09\/icone-stations-100x100.png 100w\" sizes=\"(max-width: 66px) 100vw, 66px\" \/><\/span><\/h3>\n<h3 style=\"text-align: center;\"><span style=\"color: #98b443;\">27 stations<\/span><br \/>\nspanning 67 km<\/h3>\n<p>[\/vc_column_text][vc_column_text css=&#8221;.vc_custom_1604504205849{padding-top: 25px !important;padding-right: 25px !important;padding-bottom: 25px !important;padding-left: 25px !important;background-color: #e7eade !important;}&#8221; el_class=&#8221;rem-bloc-green-page-mobile&#8221;]<\/p>\n<h3><span style=\"color: #98b443;\"><img loading=\"lazy\" class=\"alignnone wp-image-573 aligncenter\" src=\"http:\/\/www.boisfranc.com\/content\/uploads\/sites\/52\/2020\/10\/icone-aeroport.png\" alt=\"\" width=\"128\" height=\"66\" \/><\/span><\/h3>\n<h3 style=\"text-align: center;\"><span style=\"color: #98b443;\">Linked to <\/span><br \/>\nthe metro and the airport<\/h3>\n<p>[\/vc_column_text][vc_column_text css=&#8221;.vc_custom_1604504222500{padding-top: 25px !important;padding-right: 25px !important;padding-bottom: 25px !important;padding-left: 25px !important;background-color: #e7eade !important;}&#8221; el_class=&#8221;rem-bloc-green-page-mobile&#8221;]<\/p>\n<h3><span style=\"color: #98b443;\"><img loading=\"lazy\" class=\"alignnone wp-image-573 aligncenter\" src=\"http:\/\/www.boisfranc.com\/content\/uploads\/sites\/52\/2020\/10\/icone-station-bois-franc.png\" alt=\"\" width=\"66\" height=\"66\" \/><\/span><\/h3>\n<h3 style=\"text-align: center;\"><span style=\"color: #98b443;\">The Bois-Franc station <\/span><br \/>\nin the centre of the network<\/h3>\n<p>[\/vc_column_text][\/vc_column_inner][\/vc_row_inner][\/vc_column][\/vc_row][vc_row desktop_visibility=&#8221;hide&#8221; tablet_visibility=&#8221;hide&#8221; tablet_sm_visibility=&#8221;hide&#8221;][vc_column][vc_empty_space height=&#8221;10px&#8221;][vc_custom_heading text=&#8221;Helping people get where they\u2019re going&#8221; font_container=&#8221;tag:h2|text_align:center|color:%2398b443&#8243; use_theme_fonts=&#8221;yes&#8221;][vc_column_text css=&#8221;.vc_custom_1604703513616{padding-right: 10px !important;padding-left: 10px !important;}&#8221; el_class=&#8221;gras&#8221;]<\/p>\n<p style=\"text-align: center;\">The new REM (R\u00e9seau express m\u00e9tropolitain) station will make it easier than ever for Bois-Franc residents to use public transit. The REM will be one of the largest automated transit networks in the world. It will have 27 stations spanning a 67 km double track, including a stop at Bois-Franc. Residents will be able to get downtown in minutes or take the REM to the Montreal International Airport and the South Shore.<\/p>\n<p>[\/vc_column_text][vc_column_text]<\/p>\n<p style=\"text-align: center;\"><a class=\"button-fleche-fond-blanc\" href=\"https:\/\/rem.info\/en\" target=\"_blank\" rel=\"noopener noreferrer\">Learn more about the REM network<\/a><\/p>\n<p>[\/vc_column_text][vc_row_inner css=&#8221;.vc_custom_1600366743587{margin-bottom: 75px !important;}&#8221;][vc_column_inner][vc_column_text css=&#8221;.vc_custom_1604504240730{padding-top: 25px !important;padding-right: 25px !important;padding-bottom: 25px !important;padding-left: 25px !important;background-color: #e7eade !important;}&#8221; el_class=&#8221;rem-bloc-green-page-mobile-2&#8243;]<\/p>\n<h3><span style=\"color: #98b443;\"><img loading=\"lazy\" class=\"alignnone wp-image-573 aligncenter\" src=\"http:\/\/www.boisfranc.com\/content\/uploads\/sites\/52\/2020\/09\/icone-stations.png\" alt=\"\" width=\"66\" height=\"66\" srcset=\"https:\/\/www.boisfranc.com\/content\/uploads\/sites\/52\/2020\/09\/icone-stations.png 144w, https:\/\/www.boisfranc.com\/content\/uploads\/sites\/52\/2020\/09\/icone-stations-100x100.png 100w\" sizes=\"(max-width: 66px) 100vw, 66px\" \/><\/span><\/h3>\n<h3 style=\"text-align: center;\"><span style=\"color: #98b443;\">27 stations<\/span><br \/>\nspanning 67 km<\/h3>\n<p>[\/vc_column_text][vc_column_text css=&#8221;.vc_custom_1604504254826{padding-top: 25px !important;padding-right: 25px !important;padding-bottom: 25px !important;padding-left: 25px !important;background-color: #e7eade !important;}&#8221; el_class=&#8221;rem-bloc-green-page-mobile-2&#8243;]<\/p>\n<h3><span style=\"color: #98b443;\"><img loading=\"lazy\" class=\"alignnone wp-image-573 aligncenter\" src=\"http:\/\/www.boisfranc.com\/content\/uploads\/sites\/52\/2020\/10\/icone-aeroport.png\" alt=\"\" width=\"128\" height=\"66\" \/><\/span><\/h3>\n<h3 style=\"text-align: center;\"><span style=\"color: #98b443;\">Linked to <\/span><br \/>\nthe metro and the airport<\/h3>\n<p>[\/vc_column_text][vc_column_text css=&#8221;.vc_custom_1604504266917{padding-top: 25px !important;padding-right: 25px !important;padding-bottom: 25px !important;padding-left: 25px !important;background-color: #e7eade !important;}&#8221; el_class=&#8221;rem-bloc-green-page-mobile-2&#8243;]<\/p>\n<h3><span style=\"color: #98b443;\"><img loading=\"lazy\" class=\"alignnone wp-image-573 aligncenter\" src=\"http:\/\/www.boisfranc.com\/content\/uploads\/sites\/52\/2020\/10\/icone-station-bois-franc.png\" alt=\"\" width=\"66\" height=\"66\" \/><\/span><\/h3>\n<h3 style=\"text-align: center;\"><span style=\"color: #98b443;\">The Bois-Franc station <\/span><br \/>\nin the centre of the network<\/h3>\n<p>[\/vc_column_text][\/vc_column_inner][\/vc_row_inner][\/vc_column][\/vc_row][vc_row section_type=&#8221;fullwidth&#8221; bg_type=&#8221;color&#8221; equal_column_height=&#8221;middle-content&#8221; tablet_portrait_equal_column_height=&#8221;inherit&#8221; tablet_visibility=&#8221;hide&#8221; tablet_sm_visibility=&#8221;hide&#8221; mobile_visibility=&#8221;hide&#8221; margin_bottom=&#8221;0px&#8221; bg_color=&#8221;#88ae2e&#8221;][vc_column width=&#8221;1\/2&#8243; css=&#8221;.vc_custom_1604504760174{background-color: #88ae2e !important;}&#8221;][vc_column_text css=&#8221;.vc_custom_1604505164779{padding-right: 120px !important;padding-left: 120px !important;background-color: #88ae2e !important;}&#8221; el_class=&#8221;section-neighbour-en&#8221;]<\/p>\n<h2><span style=\"color: #ffffff;\"><strong>Bois-Franc: a connected neighbourhood<\/strong><\/span><\/h2>\n<p><span style=\"color: #ffffff;\">The Bois-Franc neighbourhood will soon have an REM stop. Residents will be able to get to downtown Montreal, the airport, and the South Shore in minutes and will have connections to the green, orange, and blue metro lines. Bus routes will also connect to various REM stations, so residents can get anywhere they need to go in Montreal.<br \/>\nEven during peak hours, the trip from Bois-Franc to the main train station takes less than 16 minutes! Each train will have four cars and during peak hours will be able to transport 600 passengers every five minutes.<br \/>\n<\/span>[\/vc_column_text][\/vc_column][vc_column width=&#8221;1\/2&#8243; el_class=&#8221;section-image&#8221; css=&#8221;.vc_custom_1601251802758{background-image: url(http:\/\/www.boisfranc.com\/content\/uploads\/sites\/52\/2020\/09\/bus-homme.jpg?id=1197) !important;background-position: center !important;background-repeat: no-repeat !important;background-size: cover !important;}&#8221;][\/vc_column][\/vc_row][vc_row section_type=&#8221;fullwidth&#8221; desktop_visibility=&#8221;hide&#8221; margin_bottom=&#8221;0px&#8221;][vc_column css=&#8221;.vc_custom_1604504826124{background-color: #88ae2e !important;}&#8221;][vc_column_text css=&#8221;.vc_custom_1604505174826{padding-right: 10px !important;padding-left: 10px !important;background-color: #88ae2e !important;}&#8221; el_class=&#8221;section-neighbour-en&#8221;]<\/p>\n<h2><span style=\"color: #ffffff;\"><strong>Bois-Franc: a connected neighbourhood<\/strong><\/span><\/h2>\n<p><span style=\"color: #ffffff;\">The Bois-Franc neighbourhood will soon have an REM stop. Residents will be able to get to downtown Montreal, the airport, and the South Shore in minutes and will have connections to the green, orange, and blue metro lines. Bus routes will also connect to various REM stations, so residents can get anywhere they need to go in Montreal.<br \/>\nEven during peak hours, the trip from Bois-Franc to the main train station takes less than 16 minutes! Each train will have four cars and during peak hours will be able to transport 600 passengers every five minutes.<br \/>\n<\/span>[\/vc_column_text]<div class=\"grve-element grve-image grve-align-center\" style=\"\"><img width=\"763\" height=\"640\" src=\"https:\/\/www.boisfranc.com\/content\/uploads\/sites\/52\/2020\/09\/bus-homme.jpg\" class=\"grve-full-image attachment-full size-full\" alt=\"\" loading=\"lazy\" srcset=\"https:\/\/www.boisfranc.com\/content\/uploads\/sites\/52\/2020\/09\/bus-homme.jpg 1x,https:\/\/www.boisfranc.com\/content\/uploads\/sites\/52\/2020\/09\/bus-homme.jpg 2x\" \/><\/div>[\/vc_column][\/vc_row][vc_row section_type=&#8221;fullwidth&#8221; bg_type=&#8221;color&#8221; tablet_sm_visibility=&#8221;hide&#8221; mobile_visibility=&#8221;hide&#8221; bg_color=&#8221;#0075be&#8221;][vc_column width=&#8221;1\/2&#8243;][vc_empty_space height=&#8221;60px&#8221;][vc_column_text el_class=&#8221;section-decouvrir h3banner&#8221; css=&#8221;.vc_custom_1604610849247{padding-top: -25px !important;padding-right: 75px !important;}&#8221;]<\/p>\n<h3 style=\"text-align: center;\"><a class=\"button-services-fleche-en cc_cursor\" href=\"\/en\/public-transit-network\/\">Learn more about our public transit network<\/a><\/h3>\n<p>[\/vc_column_text][vc_empty_space height=&#8221;60px&#8221;][\/vc_column][vc_column width=&#8221;1\/2&#8243;][vc_empty_space height=&#8221;60px&#8221;][vc_column_text el_class=&#8221;h3banner&#8221; css=&#8221;.vc_custom_1604505240294{padding-left: 75px !important;}&#8221;]<\/p>\n<h3 style=\"text-align: center;\"><a class=\"button-services-fleche-en\" href=\"\/en\/urban-nature\/\">See our urban nature<\/a><\/h3>\n<p>[\/vc_column_text][vc_empty_space height=&#8221;60px&#8221;][\/vc_column][\/vc_row][vc_row section_type=&#8221;fullwidth&#8221; bg_type=&#8221;color&#8221; desktop_visibility=&#8221;hide&#8221; tablet_visibility=&#8221;hide&#8221; bg_color=&#8221;#0075be&#8221; padding_top=&#8221;25px&#8221; padding_bottom=&#8221;25px&#8221; margin_bottom=&#8221;0px&#8221;][vc_column][vc_empty_space height=&#8221;60px&#8221;][vc_column_text el_class=&#8221;section-decouvrir h3banner&#8221; css=&#8221;.vc_custom_1604610863857{padding-right: 75px !important;}&#8221;]<\/p>\n<h3 style=\"text-align: center;\"><a class=\"button-services-fleche-en\" href=\"\/en\/public-transit-network\/\">Learn more about our public transit network<\/a><\/h3>\n<p>[\/vc_column_text][vc_empty_space height=&#8221;40px&#8221;][vc_column_text el_class=&#8221;section-decouvrir h3banner&#8221;]<\/p>\n<h3 style=\"text-align: center;\"><a class=\"button-services-fleche-en\" href=\"\/en\/urban-nature\/\">See our urban nature<\/a><\/h3>\n<p>[\/vc_column_text][vc_empty_space height=&#8221;60px&#8221;][\/vc_column][\/vc_row]<\/p>\n","protected":false},"excerpt":{"rendered":"<p>[vc_row tablet_sm_visibility=&#8221;hide&#8221; mobile_visibility=&#8221;hide&#8221;][vc_column css=&#8221;.vc_custom_1604149443565{padding-right: 10% !important;padding-left: 10% !important;}&#8221;][vc_empty_space height=&#8221;60px&#8221;][vc_custom_heading text=&#8221;Helping people get where they\u2019re going&#8221; font_container=&#8221;tag:h2|text_align:center|color:%2398b443&#8243; use_theme_fonts=&#8221;yes&#8221;][vc_row_inner][vc_column_inner width=&#8221;1\/6&#8243;][\/vc_column_inner][vc_column_inner width=&#8221;2\/3&#8243;][vc_column_text css=&#8221;.vc_custom_1604147361319{padding-right: 200px !important;padding-left: 200px !important;}&#8221; el_class=&#8221;gras&#8221;] The new REM (R\u00e9seau express m\u00e9tropolitain) station will make it easier than ever for Bois-Franc residents to use public transit. The REM will be one of the largest automated transit [&hellip;]<\/p>\n","protected":false},"author":14,"featured_media":495,"parent":0,"menu_order":0,"comment_status":"closed","ping_status":"closed","template":"","meta":[],"yoast_head":"<!-- This site is optimized with the Yoast SEO plugin v17.4 - https:\/\/yoast.com\/wordpress\/plugins\/seo\/ -->\n<title>REM (R\u00e9seau express m\u00e9tropolitain) Bois-Franc Station<\/title>\n<meta name=\"description\" content=\"The new REM (R\u00e9seau express m\u00e9tropolitain) station will make it easier than ever for Bois-Franc residents to use public transit.\" \/>\n<meta name=\"robots\" content=\"index, follow, max-snippet:-1, max-image-preview:large, max-video-preview:-1\" \/>\n<link rel=\"canonical\" href=\"https:\/\/www.boisfranc.com\/en\/rem\/\" \/>\n<meta property=\"og:locale\" content=\"en_US\" \/>\n<meta property=\"og:type\" content=\"article\" \/>\n<meta property=\"og:title\" content=\"REM (R\u00e9seau express m\u00e9tropolitain) Bois-Franc Station\" \/>\n<meta property=\"og:description\" content=\"The new REM (R\u00e9seau express m\u00e9tropolitain) station will make it easier than ever for Bois-Franc residents to use public transit.\" \/>\n<meta property=\"og:url\" content=\"https:\/\/www.boisfranc.com\/en\/rem\/\" \/>\n<meta property=\"og:site_name\" content=\"Bois-Franc\" \/>\n<meta property=\"article:modified_time\" content=\"2026-01-20T15:07:34+00:00\" \/>\n<meta property=\"og:image\" content=\"https:\/\/www.boisfranc.com\/content\/uploads\/sites\/52\/2020\/09\/header-le-rem-1024x290.jpg\" \/>\n\t<meta property=\"og:image:width\" content=\"1024\" \/>\n\t<meta property=\"og:image:height\" content=\"290\" \/>\n<meta name=\"twitter:card\" content=\"summary\" \/>\n<meta name=\"twitter:title\" content=\"REM (R\u00e9seau express m\u00e9tropolitain) Bois-Franc Station\" \/>\n<meta name=\"twitter:description\" content=\"The new REM (R\u00e9seau express m\u00e9tropolitain) station will make it easier than ever for Bois-Franc residents to use public transit.\" \/>\n<meta name=\"twitter:label1\" content=\"Est. reading time\" \/>\n\t<meta name=\"twitter:data1\" content=\"6 minutes\" \/>\n<script type=\"application\/ld+json\" class=\"yoast-schema-graph\">{\"@context\":\"https:\/\/schema.org\",\"@graph\":[{\"@type\":\"WebSite\",\"@id\":\"https:\/\/www.boisfranc.com\/#website\",\"url\":\"https:\/\/www.boisfranc.com\/\",\"name\":\"Bois-Franc\",\"description\":\"Condos neufs et maisons de ville neuves \\u00e0 vendre - Ville Saint-Laurent\",\"potentialAction\":[{\"@type\":\"SearchAction\",\"target\":{\"@type\":\"EntryPoint\",\"urlTemplate\":\"https:\/\/www.boisfranc.com\/?s={search_term_string}\"},\"query-input\":\"required name=search_term_string\"}],\"inLanguage\":\"en-US\"},{\"@type\":\"ImageObject\",\"@id\":\"https:\/\/www.boisfranc.com\/en\/rem\/#primaryimage\",\"inLanguage\":\"en-US\",\"url\":\"https:\/\/www.boisfranc.com\/content\/uploads\/sites\/52\/2020\/09\/header-le-rem.jpg\",\"contentUrl\":\"https:\/\/www.boisfranc.com\/content\/uploads\/sites\/52\/2020\/09\/header-le-rem.jpg\",\"width\":3770,\"height\":1067},{\"@type\":\"WebPage\",\"@id\":\"https:\/\/www.boisfranc.com\/en\/rem\/#webpage\",\"url\":\"https:\/\/www.boisfranc.com\/en\/rem\/\",\"name\":\"REM (R\\u00e9seau express m\\u00e9tropolitain) Bois-Franc Station\",\"isPartOf\":{\"@id\":\"https:\/\/www.boisfranc.com\/#website\"},\"primaryImageOfPage\":{\"@id\":\"https:\/\/www.boisfranc.com\/en\/rem\/#primaryimage\"},\"datePublished\":\"2020-10-31T04:52:45+00:00\",\"dateModified\":\"2026-01-20T15:07:34+00:00\",\"description\":\"The new REM (R\\u00e9seau express m\\u00e9tropolitain) station will make it easier than ever for Bois-Franc residents to use public transit.\",\"breadcrumb\":{\"@id\":\"https:\/\/www.boisfranc.com\/en\/rem\/#breadcrumb\"},\"inLanguage\":\"en-US\",\"potentialAction\":[{\"@type\":\"ReadAction\",\"target\":[\"https:\/\/www.boisfranc.com\/en\/rem\/\"]}]},{\"@type\":\"BreadcrumbList\",\"@id\":\"https:\/\/www.boisfranc.com\/en\/rem\/#breadcrumb\",\"itemListElement\":[{\"@type\":\"ListItem\",\"position\":1,\"name\":\"Accueil\",\"item\":\"https:\/\/www.boisfranc.com\/en\/\"},{\"@type\":\"ListItem\",\"position\":2,\"name\":\"REM\"}]}]}<\/script>\n<!-- \/ Yoast SEO plugin. -->","yoast_head_json":{"title":"REM (R\u00e9seau express m\u00e9tropolitain) Bois-Franc Station","description":"The new REM (R\u00e9seau express m\u00e9tropolitain) station will make it easier than ever for Bois-Franc residents to use public transit.","robots":{"index":"index","follow":"follow","max-snippet":"max-snippet:-1","max-image-preview":"max-image-preview:large","max-video-preview":"max-video-preview:-1"},"canonical":"https:\/\/www.boisfranc.com\/en\/rem\/","og_locale":"en_US","og_type":"article","og_title":"REM (R\u00e9seau express m\u00e9tropolitain) Bois-Franc Station","og_description":"The new REM (R\u00e9seau express m\u00e9tropolitain) station will make it easier than ever for Bois-Franc residents to use public transit.","og_url":"https:\/\/www.boisfranc.com\/en\/rem\/","og_site_name":"Bois-Franc","article_modified_time":"2026-01-20T15:07:34+00:00","og_image":[{"width":1024,"height":290,"url":"https:\/\/www.boisfranc.com\/content\/uploads\/sites\/52\/2020\/09\/header-le-rem-1024x290.jpg","type":"image\/jpeg"}],"twitter_card":"summary","twitter_title":"REM (R\u00e9seau express m\u00e9tropolitain) Bois-Franc Station","twitter_description":"The new REM (R\u00e9seau express m\u00e9tropolitain) station will make it easier than ever for Bois-Franc residents to use public transit.","twitter_misc":{"Est. reading time":"6 minutes"},"schema":{"@context":"https:\/\/schema.org","@graph":[{"@type":"WebSite","@id":"https:\/\/www.boisfranc.com\/#website","url":"https:\/\/www.boisfranc.com\/","name":"Bois-Franc","description":"Condos neufs et maisons de ville neuves \u00e0 vendre - Ville Saint-Laurent","potentialAction":[{"@type":"SearchAction","target":{"@type":"EntryPoint","urlTemplate":"https:\/\/www.boisfranc.com\/?s={search_term_string}"},"query-input":"required name=search_term_string"}],"inLanguage":"en-US"},{"@type":"ImageObject","@id":"https:\/\/www.boisfranc.com\/en\/rem\/#primaryimage","inLanguage":"en-US","url":"https:\/\/www.boisfranc.com\/content\/uploads\/sites\/52\/2020\/09\/header-le-rem.jpg","contentUrl":"https:\/\/www.boisfranc.com\/content\/uploads\/sites\/52\/2020\/09\/header-le-rem.jpg","width":3770,"height":1067},{"@type":"WebPage","@id":"https:\/\/www.boisfranc.com\/en\/rem\/#webpage","url":"https:\/\/www.boisfranc.com\/en\/rem\/","name":"REM (R\u00e9seau express m\u00e9tropolitain) Bois-Franc Station","isPartOf":{"@id":"https:\/\/www.boisfranc.com\/#website"},"primaryImageOfPage":{"@id":"https:\/\/www.boisfranc.com\/en\/rem\/#primaryimage"},"datePublished":"2020-10-31T04:52:45+00:00","dateModified":"2026-01-20T15:07:34+00:00","description":"The new REM (R\u00e9seau express m\u00e9tropolitain) station will make it easier than ever for Bois-Franc residents to use public transit.","breadcrumb":{"@id":"https:\/\/www.boisfranc.com\/en\/rem\/#breadcrumb"},"inLanguage":"en-US","potentialAction":[{"@type":"ReadAction","target":["https:\/\/www.boisfranc.com\/en\/rem\/"]}]},{"@type":"BreadcrumbList","@id":"https:\/\/www.boisfranc.com\/en\/rem\/#breadcrumb","itemListElement":[{"@type":"ListItem","position":1,"name":"Accueil","item":"https:\/\/www.boisfranc.com\/en\/"},{"@type":"ListItem","position":2,"name":"REM"}]}]}},"_links":{"self":[{"href":"https:\/\/www.boisfranc.com\/en\/wp-json\/wp\/v2\/pages\/2642"}],"collection":[{"href":"https:\/\/www.boisfranc.com\/en\/wp-json\/wp\/v2\/pages"}],"about":[{"href":"https:\/\/www.boisfranc.com\/en\/wp-json\/wp\/v2\/types\/page"}],"author":[{"embeddable":true,"href":"https:\/\/www.boisfranc.com\/en\/wp-json\/wp\/v2\/users\/14"}],"replies":[{"embeddable":true,"href":"https:\/\/www.boisfranc.com\/en\/wp-json\/wp\/v2\/comments?post=2642"}],"version-history":[{"count":34,"href":"https:\/\/www.boisfranc.com\/en\/wp-json\/wp\/v2\/pages\/2642\/revisions"}],"predecessor-version":[{"id":4507,"href":"https:\/\/www.boisfranc.com\/en\/wp-json\/wp\/v2\/pages\/2642\/revisions\/4507"}],"wp:featuredmedia":[{"embeddable":true,"href":"https:\/\/www.boisfranc.com\/en\/wp-json\/wp\/v2\/media\/495"}],"wp:attachment":[{"href":"https:\/\/www.boisfranc.com\/en\/wp-json\/wp\/v2\/media?parent=2642"}],"curies":[{"name":"wp","href":"https:\/\/api.w.org\/{rel}","templated":true}]}}