{"id":2636,"date":"2020-10-31T00:37:31","date_gmt":"2020-10-31T04:37:31","guid":{"rendered":"https:\/\/www.boisfranc.com\/boisfranc-up\/?page_id=2636"},"modified":"2026-01-20T10:09:34","modified_gmt":"2026-01-20T15:09:34","slug":"la-grand-place","status":"publish","type":"page","link":"https:\/\/www.boisfranc.com\/en\/la-grand-place\/","title":{"rendered":"La Grand-Place"},"content":{"rendered":"<p>[vc_row tablet_sm_visibility=&#8221;hide&#8221; mobile_visibility=&#8221;hide&#8221;][vc_column][vc_custom_heading text=&#8221;A thoughtful and<br \/>\nwell-designed development&#8221; font_container=&#8221;tag:h2|text_align:center|color:%2398b443&#8243; use_theme_fonts=&#8221;yes&#8221;][vc_column_text el_class=&#8221;gras&#8221; css=&#8221;.vc_custom_1604600185745{padding-right: 100px !important;padding-left: 100px !important;}&#8221;]<\/p>\n<p style=\"text-align: center;\">All the main streets of the Bois-Franc project lead to La Grand-Place which regroups<br \/>\nseveral businesses and services.<\/p>\n<p style=\"text-align: center;\">La Grand-Place is located in the heart of the neighborhood and remains a gathering<br \/>\nplace for everyone with its many terraces, a fountain in its center, events such as the summer market and proximity<br \/>\nto the park. Residents can peacefully relax in their own space or enjoy the beauty of the development as a whole.[\/vc_column_text][vc_column_text]<\/p>\n<p style=\"text-align: center;\"><a class=\"button-fleche-fond-blanc\" href=\"\/en\/homes\/\">See our homes<\/a><\/p>\n<p>[\/vc_column_text][vc_empty_space][\/vc_column][\/vc_row][vc_row desktop_visibility=&#8221;hide&#8221; tablet_visibility=&#8221;hide&#8221;][vc_column][vc_custom_heading text=&#8221;A thoughtful and<br \/>\nwell-designed development&#8221; font_container=&#8221;tag:h2|text_align:center|color:%2398b443&#8243; use_theme_fonts=&#8221;yes&#8221;][vc_column_text el_class=&#8221;gras&#8221;]<\/p>\n<p class=\"title-top-page-l\">All the main streets of the Bois-Franc project lead to La Grand-Place which regroups several businesses and services. La Grand-Place is located in the heart of the neighborhood and remains a gathering place for everyone with its many terraces, a fountain in its center, events such as the summer market and proximity to the park. Residents can peacefully relax in their own space or enjoy the beauty of the development as a whole.<\/p>\n<p>[\/vc_column_text][vc_column_text]<\/p>\n<p style=\"text-align: center;\"><a class=\"button-fleche-fond-blanc\" href=\"\/en\/homes\/\">See our homes<\/a><\/p>\n<p>[\/vc_column_text][vc_empty_space][\/vc_column][\/vc_row][vc_row section_type=&#8221;fullwidth&#8221; margin_bottom=&#8221;0px&#8221;][vc_column]<div class=\"grve-element grve-image grve-align-center\" style=\"margin-bottom: 0px;\"><img width=\"3770\" height=\"1676\" src=\"https:\/\/www.boisfranc.com\/content\/uploads\/sites\/52\/2020\/10\/carte-la-grand-place.jpg\" class=\"grve-full-image attachment-full size-full\" alt=\"\" loading=\"lazy\" srcset=\"https:\/\/www.boisfranc.com\/content\/uploads\/sites\/52\/2020\/10\/carte-la-grand-place.jpg 1x,https:\/\/www.boisfranc.com\/content\/uploads\/sites\/52\/2020\/09\/carte-la-grand-place.jpg 2x\" \/><\/div>[\/vc_column][\/vc_row][vc_row section_type=&#8221;fullwidth&#8221; bg_type=&#8221;color&#8221; desktop_visibility=&#8221;hide&#8221; margin_bottom=&#8221;0px&#8221; bg_color=&#8221;#88ae2e&#8221;][vc_column css=&#8221;.vc_custom_1604140369794{padding-right: 50px !important;padding-left: 50px !important;}&#8221;][vc_column_text css=&#8221;.vc_custom_1605302072455{margin-bottom: 0px !important;padding-top: 100px !important;padding-right: 50px !important;padding-bottom: 60px !important;padding-left: 50px !important;background-color: #88ae2e !important;}&#8221; el_class=&#8221;ulblanc section-neighbour-en&#8221;]<\/p>\n<h2><span style=\"color: #ffffff;\"><strong>La Grand-Place\u00a0:<br \/>\nIn the heart of the Bois-Franc neighbourhood<\/strong><\/span><\/h2>\n<p><span style=\"color: #ffffff;\">All the main streets in the Bois-Franc development lead to La Grand-Place, a plaza with a variety of shops and services for residents. Parking is available nearby and has been cleverly concealed to make it as visually unobtrusive as possible.<\/span><\/p>\n<p><span style=\"color: #ffffff;\">You can walk to La Grand-Place from anywhere in the neighbourhood\u2014all the streets lead to it. Residents can come down to sit, have a stroll, chat with neighbours, or just hang out and unwind. <\/span><\/p>\n<ul>\n<li><span style=\"color: #ffffff;\">Bois-Franc medical clinic<\/span><\/li>\n<li><span style=\"color: #ffffff;\">Provi-soir grocery store<\/span><\/li>\n<li><span style=\"color: #ffffff;\">Caf\u00e9 D\u00e9p\u00f4t<\/span><\/li>\n<li><span style=\"color: #ffffff;\">La Piazza restaurant<\/span><\/li>\n<li><span style=\"color: #ffffff;\">Sushi Shop Fujimaki<\/span><\/li>\n<li><span style=\"color: #ffffff;\">La planche \u00e0 repasser dry cleaner<\/span><\/li>\n<li><span style=\"color: #ffffff;\">Narcisse hair salon<\/span><\/li>\n<li><span style=\"color: #ffffff;\">Bois-Franc pilates studio<\/span><\/li>\n<li><span style=\"color: #ffffff;\">Les petits cocos speech and language pathologist<\/span><\/li>\n<li><span style=\"color: #ffffff;\">Lavio! dry cleaner <\/span><\/li>\n<li><span style=\"color: #ffffff;\">And much more<\/span><\/li>\n<\/ul>\n<p>[\/vc_column_text]<div class=\"grve-element grve-image grve-align-center\" style=\"margin-bottom: 0px;\"><img width=\"1280\" height=\"960\" src=\"https:\/\/www.boisfranc.com\/content\/uploads\/sites\/52\/2020\/09\/image-la-grand-place.jpg\" class=\"attachment-full size-full\" alt=\"\" loading=\"lazy\" srcset=\"https:\/\/www.boisfranc.com\/content\/uploads\/sites\/52\/2020\/09\/image-la-grand-place.jpg 1x,https:\/\/www.boisfranc.com\/content\/uploads\/sites\/52\/2020\/09\/image-la-grand-place.jpg 2x\" \/><\/div>[\/vc_column][\/vc_row][vc_row section_type=&#8221;fullwidth&#8221; bg_type=&#8221;color&#8221; equal_column_height=&#8221;middle-content&#8221; tablet_visibility=&#8221;hide&#8221; tablet_sm_visibility=&#8221;hide&#8221; mobile_visibility=&#8221;hide&#8221; margin_bottom=&#8221;0px&#8221; bg_color=&#8221;#88ae2e&#8221;][vc_column width=&#8221;1\/2&#8243; css=&#8221;.vc_custom_1604138773064{padding-top: 50px !important;padding-right: 100px !important;padding-bottom: 50px !important;padding-left: 100px !important;}&#8221;][vc_column_text css=&#8221;.vc_custom_1605302060573{margin-bottom: 0px !important;padding-top: 100px !important;padding-right: 50px !important;padding-bottom: 60px !important;padding-left: 50px !important;background-color: #88ae2e !important;}&#8221; el_class=&#8221;ulblanc section-neighbour-en&#8221;]<\/p>\n<h2><span style=\"color: #ffffff;\"><strong>La Grand-Place\u00a0:<br \/>\nIn the heart of the Bois-Franc neighbourhood<\/strong><\/span><\/h2>\n<p><span style=\"color: #ffffff;\">All the main streets in the Bois-Franc development lead to La Grand-Place, a plaza with a variety of shops and services for residents. Parking is available nearby and has been cleverly concealed to make it as visually unobtrusive as possible.<\/span><\/p>\n<p><span style=\"color: #ffffff;\">You can walk to La Grand-Place from anywhere in the neighbourhood\u2014all the streets lead to it. Residents can come down to sit, have a stroll, chat with neighbours, or just hang out and unwind. <\/span><\/p>\n<ul>\n<li><span style=\"color: #ffffff;\">Bois-Franc medical clinic<\/span><\/li>\n<li><span style=\"color: #ffffff;\">Provi-soir grocery store<\/span><\/li>\n<li><span style=\"color: #ffffff;\">Caf\u00e9 D\u00e9p\u00f4t<\/span><\/li>\n<li><span style=\"color: #ffffff;\">La Piazza restaurant<\/span><\/li>\n<li><span style=\"color: #ffffff;\">Sushi Shop Fujimaki<\/span><\/li>\n<li><span style=\"color: #ffffff;\">La planche \u00e0 repasser dry cleaner<\/span><\/li>\n<li><span style=\"color: #ffffff;\">Narcisse hair salon<\/span><\/li>\n<li><span style=\"color: #ffffff;\">Bois-Franc pilates studio<\/span><\/li>\n<li><span style=\"color: #ffffff;\">Les petits cocos speech and language pathologist<\/span><\/li>\n<li><span style=\"color: #ffffff;\">Lavio! dry cleaner <\/span><\/li>\n<li><span style=\"color: #ffffff;\">And much more<\/span><\/li>\n<\/ul>\n<p>[\/vc_column_text][\/vc_column][vc_column width=&#8221;1\/2&#8243; el_class=&#8221;section-image&#8221; css=&#8221;.vc_custom_1601393175802{background-image: url(http:\/\/www.boisfranc.com\/content\/uploads\/sites\/52\/2020\/09\/image-la-grand-place-1.jpg?id=1398) !important;background-position: center !important;background-repeat: no-repeat !important;background-size: cover !important;}&#8221;][\/vc_column][\/vc_row][vc_row section_type=&#8221;fullwidth&#8221; bg_type=&#8221;color&#8221; tablet_sm_visibility=&#8221;hide&#8221; mobile_visibility=&#8221;hide&#8221; bg_color=&#8221;#0075be&#8221;][vc_column width=&#8221;1\/2&#8243; css=&#8221;.vc_custom_1601567095815{background-color: #0075be !important;}&#8221;][vc_empty_space height=&#8221;60px&#8221;][vc_column_text el_class=&#8221;section-decouvrir h3banner&#8221; css=&#8221;.vc_custom_1604499241425{padding-top: -25px !important;padding-right: 75px !important;}&#8221;]<\/p>\n<h3 style=\"text-align: center;\"><a class=\"button-services-fleche-en\" href=\"\/en\/services\/\">See services nearby<\/a><\/h3>\n<p>[\/vc_column_text][vc_empty_space height=&#8221;60px&#8221;][\/vc_column][vc_column width=&#8221;1\/2&#8243; css=&#8221;.vc_custom_1601567105617{background-color: #0075be !important;}&#8221;][vc_empty_space height=&#8221;60px&#8221;][vc_column_text el_class=&#8221;h3banner&#8221; css=&#8221;.vc_custom_1604499293050{margin-top: -25px !important;padding-left: 75px !important;}&#8221;]<\/p>\n<h3 style=\"text-align: center;\"><a class=\"button-services-fleche-en\" href=\"\/en\/shopping\/\">Find shops nearby<\/a><\/h3>\n<p>[\/vc_column_text][vc_empty_space height=&#8221;60px&#8221;][\/vc_column][\/vc_row][vc_row section_type=&#8221;fullwidth&#8221; bg_type=&#8221;color&#8221; desktop_visibility=&#8221;hide&#8221; tablet_visibility=&#8221;hide&#8221; bg_color=&#8221;#0075be&#8221; padding_top=&#8221;25px&#8221; padding_bottom=&#8221;25px&#8221; margin_bottom=&#8221;0px&#8221;][vc_column][vc_empty_space height=&#8221;60px&#8221;][vc_column_text el_class=&#8221;section-decouvrir h3banner&#8221; css=&#8221;.vc_custom_1604499250534{padding-right: 75px !important;}&#8221;]<\/p>\n<h3 style=\"text-align: center;\"><a class=\"button-services-fleche-en\" href=\"\/en\/services\/\">See services nearby<\/a><\/h3>\n<p>[\/vc_column_text][vc_empty_space height=&#8221;40px&#8221;][vc_column_text el_class=&#8221;h3banner&#8221; css=&#8221;.vc_custom_1604499302191{padding-left: 75px !important;}&#8221;]<\/p>\n<h3 style=\"text-align: center;\"><a class=\"button-services-fleche-en\" href=\"\/en\/shopping\/\">Find shops nearby<\/a><\/h3>\n<p>[\/vc_column_text][vc_empty_space height=&#8221;60px&#8221;][\/vc_column][\/vc_row]<\/p>\n","protected":false},"excerpt":{"rendered":"<p>[vc_row tablet_sm_visibility=&#8221;hide&#8221; mobile_visibility=&#8221;hide&#8221;][vc_column][vc_custom_heading text=&#8221;A thoughtful and well-designed development&#8221; font_container=&#8221;tag:h2|text_align:center|color:%2398b443&#8243; use_theme_fonts=&#8221;yes&#8221;][vc_column_text el_class=&#8221;gras&#8221; css=&#8221;.vc_custom_1604600185745{padding-right: 100px !important;padding-left: 100px !important;}&#8221;] All the main streets of the Bois-Franc project lead to La Grand-Place which regroups several businesses and services. La Grand-Place is located in the heart of the neighborhood and remains a gathering place for everyone with its many terraces, [&hellip;]<\/p>\n","protected":false},"author":14,"featured_media":487,"parent":0,"menu_order":0,"comment_status":"closed","ping_status":"closed","template":"","meta":[],"yoast_head":"<!-- This site is optimized with the Yoast SEO plugin v17.4 - https:\/\/yoast.com\/wordpress\/plugins\/seo\/ -->\n<title>La Grand-Place - A thoughtful andwell-designed development<\/title>\n<meta name=\"description\" content=\"La Grand-Place is located in the heart of the neighborhood and remains a gatheringplace for everyone in Bois-Franc, Saint-Laurent.\" \/>\n<meta name=\"robots\" content=\"index, follow, max-snippet:-1, max-image-preview:large, max-video-preview:-1\" \/>\n<link rel=\"canonical\" href=\"https:\/\/www.boisfranc.com\/en\/la-grand-place\/\" \/>\n<meta property=\"og:locale\" content=\"en_US\" \/>\n<meta property=\"og:type\" content=\"article\" \/>\n<meta property=\"og:title\" content=\"La Grand-Place - A thoughtful andwell-designed development\" \/>\n<meta property=\"og:description\" content=\"La Grand-Place is located in the heart of the neighborhood and remains a gatheringplace for everyone in Bois-Franc, Saint-Laurent.\" \/>\n<meta property=\"og:url\" content=\"https:\/\/www.boisfranc.com\/en\/la-grand-place\/\" \/>\n<meta property=\"og:site_name\" content=\"Bois-Franc\" \/>\n<meta property=\"article:modified_time\" content=\"2026-01-20T15:09:34+00:00\" \/>\n<meta property=\"og:image\" content=\"https:\/\/www.boisfranc.com\/content\/uploads\/sites\/52\/2020\/09\/header-la-grand-place-1.jpg\" \/>\n\t<meta property=\"og:image:width\" content=\"3770\" \/>\n\t<meta property=\"og:image:height\" content=\"1067\" \/>\n<meta name=\"twitter:card\" content=\"summary\" \/>\n<meta name=\"twitter:title\" content=\"La Grand-Place - A thoughtful andwell-designed development\" \/>\n<meta name=\"twitter:description\" content=\"La Grand-Place is located in the heart of the neighborhood and remains a gatheringplace for everyone in Bois-Franc, Saint-Laurent.\" \/>\n<meta name=\"twitter:label1\" content=\"Est. reading time\" \/>\n\t<meta name=\"twitter:data1\" content=\"3 minutes\" \/>\n<script type=\"application\/ld+json\" class=\"yoast-schema-graph\">{\"@context\":\"https:\/\/schema.org\",\"@graph\":[{\"@type\":\"WebSite\",\"@id\":\"https:\/\/www.boisfranc.com\/#website\",\"url\":\"https:\/\/www.boisfranc.com\/\",\"name\":\"Bois-Franc\",\"description\":\"Condos neufs et maisons de ville neuves \\u00e0 vendre - Ville Saint-Laurent\",\"potentialAction\":[{\"@type\":\"SearchAction\",\"target\":{\"@type\":\"EntryPoint\",\"urlTemplate\":\"https:\/\/www.boisfranc.com\/?s={search_term_string}\"},\"query-input\":\"required name=search_term_string\"}],\"inLanguage\":\"en-US\"},{\"@type\":\"ImageObject\",\"@id\":\"https:\/\/www.boisfranc.com\/en\/la-grand-place\/#primaryimage\",\"inLanguage\":\"en-US\",\"url\":\"https:\/\/www.boisfranc.com\/content\/uploads\/sites\/52\/2020\/09\/header-la-grand-place-1.jpg\",\"contentUrl\":\"https:\/\/www.boisfranc.com\/content\/uploads\/sites\/52\/2020\/09\/header-la-grand-place-1.jpg\",\"width\":3770,\"height\":1067},{\"@type\":\"WebPage\",\"@id\":\"https:\/\/www.boisfranc.com\/en\/la-grand-place\/#webpage\",\"url\":\"https:\/\/www.boisfranc.com\/en\/la-grand-place\/\",\"name\":\"La Grand-Place - A thoughtful andwell-designed development\",\"isPartOf\":{\"@id\":\"https:\/\/www.boisfranc.com\/#website\"},\"primaryImageOfPage\":{\"@id\":\"https:\/\/www.boisfranc.com\/en\/la-grand-place\/#primaryimage\"},\"datePublished\":\"2020-10-31T04:37:31+00:00\",\"dateModified\":\"2026-01-20T15:09:34+00:00\",\"description\":\"La Grand-Place is located in the heart of the neighborhood and remains a gatheringplace for everyone in Bois-Franc, Saint-Laurent.\",\"breadcrumb\":{\"@id\":\"https:\/\/www.boisfranc.com\/en\/la-grand-place\/#breadcrumb\"},\"inLanguage\":\"en-US\",\"potentialAction\":[{\"@type\":\"ReadAction\",\"target\":[\"https:\/\/www.boisfranc.com\/en\/la-grand-place\/\"]}]},{\"@type\":\"BreadcrumbList\",\"@id\":\"https:\/\/www.boisfranc.com\/en\/la-grand-place\/#breadcrumb\",\"itemListElement\":[{\"@type\":\"ListItem\",\"position\":1,\"name\":\"Accueil\",\"item\":\"https:\/\/www.boisfranc.com\/en\/\"},{\"@type\":\"ListItem\",\"position\":2,\"name\":\"La Grand-Place\"}]}]}<\/script>\n<!-- \/ Yoast SEO plugin. -->","yoast_head_json":{"title":"La Grand-Place - A thoughtful andwell-designed development","description":"La Grand-Place is located in the heart of the neighborhood and remains a gatheringplace for everyone in Bois-Franc, Saint-Laurent.","robots":{"index":"index","follow":"follow","max-snippet":"max-snippet:-1","max-image-preview":"max-image-preview:large","max-video-preview":"max-video-preview:-1"},"canonical":"https:\/\/www.boisfranc.com\/en\/la-grand-place\/","og_locale":"en_US","og_type":"article","og_title":"La Grand-Place - A thoughtful andwell-designed development","og_description":"La Grand-Place is located in the heart of the neighborhood and remains a gatheringplace for everyone in Bois-Franc, Saint-Laurent.","og_url":"https:\/\/www.boisfranc.com\/en\/la-grand-place\/","og_site_name":"Bois-Franc","article_modified_time":"2026-01-20T15:09:34+00:00","og_image":[{"width":3770,"height":1067,"url":"https:\/\/www.boisfranc.com\/content\/uploads\/sites\/52\/2020\/09\/header-la-grand-place-1.jpg","type":"image\/jpeg"}],"twitter_card":"summary","twitter_title":"La Grand-Place - A thoughtful andwell-designed development","twitter_description":"La Grand-Place is located in the heart of the neighborhood and remains a gatheringplace for everyone in Bois-Franc, Saint-Laurent.","twitter_misc":{"Est. reading time":"3 minutes"},"schema":{"@context":"https:\/\/schema.org","@graph":[{"@type":"WebSite","@id":"https:\/\/www.boisfranc.com\/#website","url":"https:\/\/www.boisfranc.com\/","name":"Bois-Franc","description":"Condos neufs et maisons de ville neuves \u00e0 vendre - Ville Saint-Laurent","potentialAction":[{"@type":"SearchAction","target":{"@type":"EntryPoint","urlTemplate":"https:\/\/www.boisfranc.com\/?s={search_term_string}"},"query-input":"required name=search_term_string"}],"inLanguage":"en-US"},{"@type":"ImageObject","@id":"https:\/\/www.boisfranc.com\/en\/la-grand-place\/#primaryimage","inLanguage":"en-US","url":"https:\/\/www.boisfranc.com\/content\/uploads\/sites\/52\/2020\/09\/header-la-grand-place-1.jpg","contentUrl":"https:\/\/www.boisfranc.com\/content\/uploads\/sites\/52\/2020\/09\/header-la-grand-place-1.jpg","width":3770,"height":1067},{"@type":"WebPage","@id":"https:\/\/www.boisfranc.com\/en\/la-grand-place\/#webpage","url":"https:\/\/www.boisfranc.com\/en\/la-grand-place\/","name":"La Grand-Place - A thoughtful andwell-designed development","isPartOf":{"@id":"https:\/\/www.boisfranc.com\/#website"},"primaryImageOfPage":{"@id":"https:\/\/www.boisfranc.com\/en\/la-grand-place\/#primaryimage"},"datePublished":"2020-10-31T04:37:31+00:00","dateModified":"2026-01-20T15:09:34+00:00","description":"La Grand-Place is located in the heart of the neighborhood and remains a gatheringplace for everyone in Bois-Franc, Saint-Laurent.","breadcrumb":{"@id":"https:\/\/www.boisfranc.com\/en\/la-grand-place\/#breadcrumb"},"inLanguage":"en-US","potentialAction":[{"@type":"ReadAction","target":["https:\/\/www.boisfranc.com\/en\/la-grand-place\/"]}]},{"@type":"BreadcrumbList","@id":"https:\/\/www.boisfranc.com\/en\/la-grand-place\/#breadcrumb","itemListElement":[{"@type":"ListItem","position":1,"name":"Accueil","item":"https:\/\/www.boisfranc.com\/en\/"},{"@type":"ListItem","position":2,"name":"La Grand-Place"}]}]}},"_links":{"self":[{"href":"https:\/\/www.boisfranc.com\/en\/wp-json\/wp\/v2\/pages\/2636"}],"collection":[{"href":"https:\/\/www.boisfranc.com\/en\/wp-json\/wp\/v2\/pages"}],"about":[{"href":"https:\/\/www.boisfranc.com\/en\/wp-json\/wp\/v2\/types\/page"}],"author":[{"embeddable":true,"href":"https:\/\/www.boisfranc.com\/en\/wp-json\/wp\/v2\/users\/14"}],"replies":[{"embeddable":true,"href":"https:\/\/www.boisfranc.com\/en\/wp-json\/wp\/v2\/comments?post=2636"}],"version-history":[{"count":41,"href":"https:\/\/www.boisfranc.com\/en\/wp-json\/wp\/v2\/pages\/2636\/revisions"}],"predecessor-version":[{"id":4512,"href":"https:\/\/www.boisfranc.com\/en\/wp-json\/wp\/v2\/pages\/2636\/revisions\/4512"}],"wp:featuredmedia":[{"embeddable":true,"href":"https:\/\/www.boisfranc.com\/en\/wp-json\/wp\/v2\/media\/487"}],"wp:attachment":[{"href":"https:\/\/www.boisfranc.com\/en\/wp-json\/wp\/v2\/media?parent=2636"}],"curies":[{"name":"wp","href":"https:\/\/api.w.org\/{rel}","templated":true}]}}